{"id":3858,"date":"2021-08-03T21:42:54","date_gmt":"2021-08-03T21:42:54","guid":{"rendered":"https:\/\/limitlesstravelagency.net\/?page_id=3858"},"modified":"2021-08-03T22:43:38","modified_gmt":"2021-08-03T22:43:38","slug":"medidas-de-seguridad-para-viajar-en-epoca-de-covid-19","status":"publish","type":"page","link":"http:\/\/limitlesstravelagency.net\/en\/security-measures-for-travel-in-time-of-covid-19\/","title":{"rendered":"Safety Measures For Travel In Times Of COVID-19"},"content":{"rendered":"<div data-elementor-type=\"wp-page\" data-elementor-id=\"3858\" class=\"elementor elementor-3858\" data-elementor-post-type=\"page\">\n\t\t\t\t\t\t<section class=\"elementor-section elementor-top-section elementor-element elementor-element-2d5a7715 elementor-section-height-min-height elementor-section-content-middle elementor-hidden-tablet elementor-hidden-phone elementor-section-boxed elementor-section-height-default elementor-section-items-middle\" data-id=\"2d5a7715\" data-element_type=\"section\" data-settings=\"{&quot;background_background&quot;:&quot;classic&quot;}\">\n\t\t\t\t\t\t\t<div class=\"elementor-background-overlay\"><\/div>\n\t\t\t\t\t\t\t<div class=\"elementor-container elementor-column-gap-default\">\n\t\t\t\t\t<div class=\"elementor-column elementor-col-100 elementor-top-column elementor-element elementor-element-72c1295c\" data-id=\"72c1295c\" data-element_type=\"column\">\n\t\t\t<div class=\"elementor-widget-wrap elementor-element-populated\">\n\t\t\t\t\t\t<div class=\"elementor-element elementor-element-b17202a elementor-widget elementor-widget-heading\" data-id=\"b17202a\" data-element_type=\"widget\" data-widget_type=\"heading.default\">\n\t\t\t\t<div class=\"elementor-widget-container\">\n\t\t\t\t\t<h2 class=\"elementor-heading-title elementor-size-default\">Covid<\/h2>\t\t\t\t<\/div>\n\t\t\t\t<\/div>\n\t\t\t\t\t<\/div>\n\t\t<\/div>\n\t\t\t\t\t<\/div>\n\t\t<\/section>\n\t\t\t\t<section class=\"elementor-section elementor-top-section elementor-element elementor-element-1523e9f2 elementor-section-boxed elementor-section-height-default elementor-section-height-default\" data-id=\"1523e9f2\" data-element_type=\"section\" data-settings=\"{&quot;background_background&quot;:&quot;classic&quot;}\">\n\t\t\t\t\t\t\t<div class=\"elementor-background-overlay\"><\/div>\n\t\t\t\t\t\t\t<div class=\"elementor-container elementor-column-gap-no\">\n\t\t\t\t\t<div class=\"elementor-column elementor-col-50 elementor-top-column elementor-element elementor-element-4908e986\" data-id=\"4908e986\" data-element_type=\"column\">\n\t\t\t<div class=\"elementor-widget-wrap elementor-element-populated\">\n\t\t\t\t\t\t<div class=\"elementor-element elementor-element-cfb87ef elementor-widget elementor-widget-heading\" data-id=\"cfb87ef\" data-element_type=\"widget\" data-widget_type=\"heading.default\">\n\t\t\t\t<div class=\"elementor-widget-container\">\n\t\t\t\t\t<h2 class=\"elementor-heading-title elementor-size-default\">Follow security protocols and travel quietly\n<\/h2>\t\t\t\t<\/div>\n\t\t\t\t<\/div>\n\t\t\t\t<div class=\"elementor-element elementor-element-69d445fa elementor-widget elementor-widget-text-editor\" data-id=\"69d445fa\" data-element_type=\"widget\" data-widget_type=\"text-editor.default\">\n\t\t\t\t<div class=\"elementor-widget-container\">\n\t\t\t\t\t\t\t\t\t<p>If you are thinking of going on a trip,  leaving work stress for a moment and vacationing in some corner of the  world, here are  some  basic safety measures that you should follow if you go to a hotel or if you want to participate in an adventure activity.<br \/>It is very important that you inform yourself by the appropriate channels and that you can get real, truthful information.<\/p><p><b>Pay close attention to the steps you need to take:<br \/><\/b><br \/>If you're sick, have a fever, cough or other symptoms related to COVID-19, it's best to stay home and travel when you no longer have any of those symptoms.<\/p><p>If you are a person with risk factors or you live with a person who has them, such as: diabetic, cardiopath, hypertensive, elderly person, lung conditions, among others, it is better that you stay at home or consult with a specialist to have medical authorization and be able to travel quietly.<\/p><p>The use of a face mask is mandatory and must cover both the nose and the mouth. Health authorities recommend not to use masks with valves and the use of the masks should be complementary to the use of other protective measures. It should not be the only option.<\/p>\t\t\t\t\t\t\t\t<\/div>\n\t\t\t\t<\/div>\n\t\t\t\t\t<\/div>\n\t\t<\/div>\n\t\t\t\t<div class=\"elementor-column elementor-col-50 elementor-top-column elementor-element elementor-element-3523093c\" data-id=\"3523093c\" data-element_type=\"column\" data-settings=\"{&quot;background_background&quot;:&quot;classic&quot;}\">\n\t\t\t<div class=\"elementor-widget-wrap elementor-element-populated\">\n\t\t\t\t\t<div class=\"elementor-background-overlay\"><\/div>\n\t\t\t\t\t\t<div class=\"elementor-element elementor-element-54ee09f9 elementor-invisible elementor-widget elementor-widget-spacer\" data-id=\"54ee09f9\" data-element_type=\"widget\" data-settings=\"{&quot;_animation&quot;:&quot;fadeIn&quot;}\" data-widget_type=\"spacer.default\">\n\t\t\t\t<div class=\"elementor-widget-container\">\n\t\t\t\t\t\t\t<div class=\"elementor-spacer\">\n\t\t\t<div class=\"elementor-spacer-inner\"><\/div>\n\t\t<\/div>\n\t\t\t\t\t\t<\/div>\n\t\t\t\t<\/div>\n\t\t\t\t\t<\/div>\n\t\t<\/div>\n\t\t\t\t\t<\/div>\n\t\t<\/section>\n\t\t\t\t<section class=\"elementor-section elementor-top-section elementor-element elementor-element-04367c8 elementor-section-boxed elementor-section-height-default elementor-section-height-default\" data-id=\"04367c8\" data-element_type=\"section\">\n\t\t\t\t\t\t<div class=\"elementor-container elementor-column-gap-default\">\n\t\t\t\t\t<div class=\"elementor-column elementor-col-100 elementor-top-column elementor-element elementor-element-86c162c\" data-id=\"86c162c\" data-element_type=\"column\">\n\t\t\t<div class=\"elementor-widget-wrap elementor-element-populated\">\n\t\t\t\t\t\t<div class=\"elementor-element elementor-element-1e84473 elementor-widget elementor-widget-text-editor\" data-id=\"1e84473\" data-element_type=\"widget\" data-widget_type=\"text-editor.default\">\n\t\t\t\t<div class=\"elementor-widget-container\">\n\t\t\t\t\t\t\t\t\t<p>The places you visit must comply with the following guidelines:<\/p><ul><li>Ensure availability of soap<\/li><li>Water<\/li><li>Towels<\/li><li>Alcohol (not less than 70%)<\/li><li>Use of authorized cleaning products<\/li><li>Labeling of sneezing, coughing and greeting protocols<\/li><li>Cleanliness in areas where people live<\/li><li>Periodicity of cleaning and check-ups<br \/><br \/><\/li><\/ul><p><b>Some of our recommendations if you are traveling are:<\/b><\/p><ul><li>Frequent hand-washing, mainly after going to the bathroom, after coughing or sneezing, after blowing your nose and before eating.<\/li><li>Always maintain physical distancing of 1.8 meters (6 feet) with people who do not belong to your social bubble.<\/li><li>If you are going to take a tour by boat or catamaran, the person in charge of the tour must make the allocation of seats, maintaining physical distancing of 1.8 meters between other social bubbles.<\/li><li>In case they are small boats, it is best to travel only with your social bubble.<\/li><li>Remember that you must inform yourself about COVID-19 with the authorities ed for  this purpose.<\/li><li>Si tienes alguna duda con respecto a las medidas que deben emplear los comercios tur\u00edsticos, puedes escribirnos al correo support@limitlesstravelagency.net<\/li><li>It is time to enjoy a well-deserved holiday, always complying with all the protocols to avoid contagion of COVID-19.<\/li><\/ul>\t\t\t\t\t\t\t\t<\/div>\n\t\t\t\t<\/div>\n\t\t\t\t\t<\/div>\n\t\t<\/div>\n\t\t\t\t\t<\/div>\n\t\t<\/section>\n\t\t\t\t<\/div>","protected":false},"excerpt":{"rendered":"<p>Covid Sigue los protocolos de seguridad y viaja tranquilamente Si est\u00e1s pensando en salir de viaje, dejar el estr\u00e9s laboral por un momento y vacacionar en alg\u00fan rinc\u00f3n del mundo, aqu\u00ed te brindamos algunas medidas de seguridad b\u00e1sicas que tienes que seguir si vas a un hotel o si quieres realizar una actividad de aventura.Es [&hellip;]<\/p>","protected":false},"author":8,"featured_media":0,"parent":0,"menu_order":0,"comment_status":"closed","ping_status":"closed","template":"elementor_header_footer","meta":{"footnotes":""},"class_list":["post-3858","page","type-page","status-publish","hentry"],"_links":{"self":[{"href":"http:\/\/limitlesstravelagency.net\/en\/wp-json\/wp\/v2\/pages\/3858","targetHints":{"allow":["GET"]}}],"collection":[{"href":"http:\/\/limitlesstravelagency.net\/en\/wp-json\/wp\/v2\/pages"}],"about":[{"href":"http:\/\/limitlesstravelagency.net\/en\/wp-json\/wp\/v2\/types\/page"}],"author":[{"embeddable":true,"href":"http:\/\/limitlesstravelagency.net\/en\/wp-json\/wp\/v2\/users\/8"}],"replies":[{"embeddable":true,"href":"http:\/\/limitlesstravelagency.net\/en\/wp-json\/wp\/v2\/comments?post=3858"}],"version-history":[{"count":28,"href":"http:\/\/limitlesstravelagency.net\/en\/wp-json\/wp\/v2\/pages\/3858\/revisions"}],"predecessor-version":[{"id":3895,"href":"http:\/\/limitlesstravelagency.net\/en\/wp-json\/wp\/v2\/pages\/3858\/revisions\/3895"}],"wp:attachment":[{"href":"http:\/\/limitlesstravelagency.net\/en\/wp-json\/wp\/v2\/media?parent=3858"}],"curies":[{"name":"wp","href":"https:\/\/api.w.org\/{rel}","templated":true}]}}