{"id":3196,"date":"2021-05-24T15:13:14","date_gmt":"2021-05-24T15:13:14","guid":{"rendered":"https:\/\/gadabotravel.com\/?post_type=product&#038;p=3196"},"modified":"2021-10-05T22:15:17","modified_gmt":"2021-10-05T22:15:17","slug":"visit-the-city","status":"publish","type":"product","link":"http:\/\/limitlesstravelagency.net\/en\/product\/visit-the-city\/","title":{"rendered":"Visit the City"},"content":{"rendered":"<p>Panama city<\/p>\n<p>Enjoy a complete tour of Panama City, Casco Antiguo, Cinta Costera, Panama Viejo.<\/p>","protected":false},"excerpt":{"rendered":"<p>Ciudad de Panam\u00e1 Disfrute de un completo recorrido por la Ciudad de Panam\u00e1, Casco Antiguo, Cinta Costera, Panam\u00e1 Viejo.<\/p>","protected":false},"featured_media":3073,"comment_status":"closed","ping_status":"closed","template":"","meta":[],"product_cat":[25],"product_tag":[],"class_list":["post-3196","product","type-product","status-publish","has-post-thumbnail","hentry","product_cat-promotions"],"_links":{"self":[{"href":"http:\/\/limitlesstravelagency.net\/en\/wp-json\/wp\/v2\/product\/3196","targetHints":{"allow":["GET"]}}],"collection":[{"href":"http:\/\/limitlesstravelagency.net\/en\/wp-json\/wp\/v2\/product"}],"about":[{"href":"http:\/\/limitlesstravelagency.net\/en\/wp-json\/wp\/v2\/types\/product"}],"replies":[{"embeddable":true,"href":"http:\/\/limitlesstravelagency.net\/en\/wp-json\/wp\/v2\/comments?post=3196"}],"wp:featuredmedia":[{"embeddable":true,"href":"http:\/\/limitlesstravelagency.net\/en\/wp-json\/wp\/v2\/media\/3073"}],"wp:attachment":[{"href":"http:\/\/limitlesstravelagency.net\/en\/wp-json\/wp\/v2\/media?parent=3196"}],"wp:term":[{"taxonomy":"product_cat","embeddable":true,"href":"http:\/\/limitlesstravelagency.net\/en\/wp-json\/wp\/v2\/product_cat?post=3196"},{"taxonomy":"product_tag","embeddable":true,"href":"http:\/\/limitlesstravelagency.net\/en\/wp-json\/wp\/v2\/product_tag?post=3196"}],"curies":[{"name":"wp","href":"https:\/\/api.w.org\/{rel}","templated":true}]}}