{"id":3539,"date":"2021-07-06T16:19:44","date_gmt":"2021-07-06T16:19:44","guid":{"rendered":"https:\/\/limitlesstravelagency.net\/?post_type=product&#038;p=3539"},"modified":"2022-08-11T15:22:39","modified_gmt":"2022-08-11T15:22:39","slug":"unforgettable-duma-safari-trip","status":"publish","type":"product","link":"http:\/\/limitlesstravelagency.net\/en\/product\/unforgettable-safari-duma-trip\/","title":{"rendered":"Unforgettable Duma Safari Trip"},"content":{"rendered":"<p><strong>Route<\/strong><br \/>\nVisitando Nairobi, Amboseli, Montes Aberdare, Lago Nakuru, Maasai Mara<\/p>\n<p>Day 1: AMSTERDAM<br \/>\nDeparture by flight to Nairobi, with connection in Amsterdam and Paris.<\/p>\n<p>Day 2: FLIGHT TIMES AND STOPOVERS<\/p>\n<p>Day 3: PARIS \/ NAIROBI<br \/>\nArrival at Nairobi International Airport and transfer to the hotel. The use of the room is not guaranteed before noon. Rest of the day off. Departure at 19.00h for dinner in the Carnivore Restaurant. Accommodations<\/p>\n<p>Day 4: NAIROBI \/ AMBOSELI<br \/>\nBreakfast at the hotel with early departure to Amboseli National Park via  Namangan\/Emali. Lunch at Lodge. Safari in the afternoon. Dinner and overnight.<\/p>\n<p>Day 5: AMBOSELI \/ NAIROBI \/ ABERDARE MOUNTAINS<br \/>\nBreakfast at the hotel. Departure to Aberdares, having lunch en route in the area of the Sagana River. Continue to Nyeri to the  Aberdare Country Club or the Mountain Lodge. In the afternoon, climb in the hotel vehicles to the  Aberdare al Ark National Park, or lunch at Mountain  Lodge. Dinner and overnight<\/p>\n<p>Day 6: ABERDARE MOUNTAINS \/ LAKE NAKURU<br \/>\nBreakfast and departure to Lake Nakuru National Park for lunch at the Lodge. Safari in the afternoon.\u00a0 \nDinner and overnight<br \/>\nCena y alojamiento<\/p>\n<p>Day 7: LAKE NAKURU \/ MAASAI MARA<br \/>\nBreakfast. \u00a0Departure to the Maasai Mara National Reserve, via Narok for lunch. Safari in the afternoon. Dinner and overnight.<\/p>\n<p>Day 8: MAASAI MARA<br \/>\nSafari departure, one in the morning and one in the afternoon, by reservation. Full board.<\/p>\n<p>Day 9: MAASAI \/ NAIROBI<br \/>\nAfter breakfast departure to Nairobi. Arrival around noon. Free time until the scheduled time for the transfer to the airport and to take the international flight.<\/p>\n<p>Day 10: RETURN<br \/>\nFree morning. At the indicated, time transfer to  the airport to board your return flight.<\/p>","protected":false},"excerpt":{"rendered":"<p><strong>Package Includes:<\/strong><br \/>\nPlane ticket in economy class<br \/>\nAirport transfers both arrival and departure (by minibus or 22-seater bus) according to the itinerary<br \/>\nThe other transfers within the cities (by minibus or 22-seater bus) according to the itinerary<br \/>\n1 night at Nairobi hotel on bed and Breakfast basis<br \/>\nFull board at the Hotels\/ Lodges specified during the safari<br \/>\nDinner at Carnivore Restaurant<br \/>\nTransport in minibuses during the safari with GUARANTEED WINDOW (maximum occupancy of 7 per vehicle, non-exclusive use)<br \/>\nEntrance fees to the parks<br \/>\nDRIVER - SPANISH- AND ENGLISH-SPEAKING GUIDE  GUARANTEED from 2 passengers on a REGULAR safari (if there are two vehicles, the guide will be shared between those vehicles, moving between them during the safari)<br \/>\nFlying Doctors.<br \/>\nSafari hats + tags for luggage.<br \/>\nMineral water in vehicles, during safari + aluminum bottles.<\/p>\n<p><strong>The package does not include:<\/strong><br \/>\nPersonal expenses<br \/>\nNo service not specified as included<br \/>\nTips to guides and drivers (paid directly at the destination).<br \/>\nTips for bellhops, waiters, waiters, etc.<br \/>\nGastos extras en los hoteles como llamadas telef\u00f3nicas, lavander\u00eda, etc. Fee de c\u00e1maras en los monumentos<br \/>\nKenya visa is processed directly at the following link: https:\/\/www.kenyavisagov.com\/<br \/>\nAir taxes: $899 USD per person.<br \/>\nSupplements for Christmas and New Year events, fairs or dinners in the destinations (please consult)<\/p>\n<p style=\"font-size: 12px\"><span style=\"font-weight: bold\">NOTE: <\/span>The prices indicated are per person in US DOLLARS and in DOUBLE room. The prices presented are of an informative nature. Once you make the decision to hire our services, you must confirm our prices to make your reservation. This is because they are subject to change without notice, depending on existing availability.<\/p>\n<p><strong>Salidas 2022<\/strong><br \/>\nJuly: 29<br \/>\nAugust: 11, 24<br \/>\nSeptember: 6, 20<br \/>\nOctober: 2, 13<br \/>\nNovember: 5, 18<\/p>","protected":false},"featured_media":3544,"comment_status":"open","ping_status":"closed","template":"","meta":[],"product_cat":[44],"product_tag":[],"class_list":["post-3539","product","type-product","status-publish","has-post-thumbnail","hentry","product_cat-africa"],"_links":{"self":[{"href":"http:\/\/limitlesstravelagency.net\/en\/wp-json\/wp\/v2\/product\/3539","targetHints":{"allow":["GET"]}}],"collection":[{"href":"http:\/\/limitlesstravelagency.net\/en\/wp-json\/wp\/v2\/product"}],"about":[{"href":"http:\/\/limitlesstravelagency.net\/en\/wp-json\/wp\/v2\/types\/product"}],"replies":[{"embeddable":true,"href":"http:\/\/limitlesstravelagency.net\/en\/wp-json\/wp\/v2\/comments?post=3539"}],"wp:featuredmedia":[{"embeddable":true,"href":"http:\/\/limitlesstravelagency.net\/en\/wp-json\/wp\/v2\/media\/3544"}],"wp:attachment":[{"href":"http:\/\/limitlesstravelagency.net\/en\/wp-json\/wp\/v2\/media?parent=3539"}],"wp:term":[{"taxonomy":"product_cat","embeddable":true,"href":"http:\/\/limitlesstravelagency.net\/en\/wp-json\/wp\/v2\/product_cat?post=3539"},{"taxonomy":"product_tag","embeddable":true,"href":"http:\/\/limitlesstravelagency.net\/en\/wp-json\/wp\/v2\/product_tag?post=3539"}],"curies":[{"name":"wp","href":"https:\/\/api.w.org\/{rel}","templated":true}]}}