{"id":3564,"date":"2021-07-06T21:26:43","date_gmt":"2021-07-06T21:26:43","guid":{"rendered":"https:\/\/limitlesstravelagency.net\/?post_type=product&#038;p=3564"},"modified":"2022-08-11T15:27:32","modified_gmt":"2022-08-11T15:27:32","slug":"round-trip-portugal-and-northern-spain","status":"publish","type":"product","link":"http:\/\/limitlesstravelagency.net\/en\/product\/roundel-trip-portugal-and-northern-spain\/","title":{"rendered":"Round Trip Portugal and Northern Spain"},"content":{"rendered":"<p><strong>Route<\/strong><br \/>\nVisiting Madrid, C\u00e1ceres, Lisbon, Fatima, Coimbra, Porto, Santiago de Compostela, Oviedo, Santander, Valladolid.<\/p>\n<p>Day 1: MADRID<br \/>\nArrival at Adolfo Su\u00e1rez Madrid \u2013 Barajas International Airport. \u00a0Reception at the airport. This day will be the panoramic tour of the city where you will discover the main avenues, squares and monuments. Visit places such as the Plaza de Espa\u00f1a, the Gran V\u00eda, the Fountain of the goddess Cibeles, the Puerta de Alcal\u00e1, the famous bullring of las Ventas, etc. Then, continuing through the modern area, finish in the Madrid of the Austrias. Charms such as the Plaza Mayor and the Plaza de Oriente will give a splendid end to this tour of the capital of Spain. Free afternoon. Accommodations.<\/p>\n<p>Day 2: MADRID \/ CACERES \/ LISBON<br \/>\nBreakfast. Departure from Madrid by the National Highway V leaving behind the province of Toledo and entering Extremadura to reach the city of C\u00e1ceres. Free time to visit its impressive historic center that houses a great heritage legacy of the Renaissance period, for its Co-Cathedral; numerous palaces and buildings. Afterwards, continue the journey to reach Lisbon. In the evening, the possibility to attend a Fado show (optional). Accommodations.<\/p>\n<p>Day 3: LISBON \/ FATIMA<br \/>\nBreakfast. In the morning, visit of the city where you will stroll down its main avenues, squares and monuments. Discover the Jer\u00f3nimos Monastery, the Alfama Neighborhood, the Tower of Bethlehem, etc. Then, leave to the north and passing through the vicinity of Santar\u00e9. Arrive at Fatima where you will enjoy free time to visit one of the most recognized pilgrimage centers of Christianity in which the apparition of the Virgin to the shepherds took place. Accommodations.<\/p>\n<p>Day 4: FATIMA \/ COIMBRA \/ PORTO<br \/>\nBreakfast. Departure from Fatima in the direction of the university town of Coimbra, arrival and free time. Then, continue our journey to the city of Porto. Arrival and free time for its historic center, where the Cathedral of this city stands out on the banks of the Douro River internationally recognized for its wineries. Possibility to make the optional guided tour of the city. Accommodations.<\/p>\n<p>Day 5: PORTO \/ SANTIAGO DE COMPOSTELA<br \/>\nBreakfast. Departure to Santiago de Compostela passing through the surroundings of the cities of Vigo and Pontevedra to reach one of the most important pilgrimage centers of Christendom. Free time to know its streets, the famous Plaza del Obradoiro and the Cathedral. Transfer to the hotel. Possibility to make the optional visit of the city. Accommodations.<\/p>\n<p>Day 6: SANTIAGO DE COMPOSTELA \/ OVIEDO \/ SANTANDER<br \/>\nBreakfast. Depart to the North until you reach the Cantabrian coast to enter the Principality of Asturias to reach its capital, Oviedo. Free time to wander through its old town, visit the Cathedral or tour its squares with more tradition, without forgetting the Campoamor theater where every year the Princess of Asturias Awards are given. Then, continue the trip entering the Community of Cantabria to its capital Santander. Coastal city, with a beautiful bay considered one of the most beautiful in Spain, ideal to explore it on foot from the beach of Sardinero, with its impressive mansions, to the Palacio de la Magdalena, former summer seat of the Kings of Spain. Also unmissable are The Cathedral, The Porticoed Square, The Bank of Santander and the Gran Casino del Sardinero. Accommodations.<\/p>\n<p>Day 7: SANTANDER \/ VALLADOLID \/ MADRID<br \/>\nBreakfast. Departure to the south through the Cantabrian Mountains and its beautiful natural landscapes to reach the city of Valladolid, where King Felipe III established the capital of the kingdom in the early sixteenth century and where you can find a large sample of all the architectural styles that were happening from the thirteenth century to the present day. free time. Continue towards Madrid crossing the Sierra de Guadarrama. Accommodations.<\/p>\n<p>Day 8: MADRID<br \/>\nBreakfast. Free day to enjoy the city or make the optional excursion. \u00a0Accommodations.<br \/>\noptional excursion to the \"Imperial City\" of Toledo, in whose tour we will appreciate the legacy of the three cultures: Arab, Jewish and Christian, which knew how to share in harmony all their splendor.<\/p>\n<p>Day 9: RETURN<br \/>\nFree morning. At the indicated, time transfer to the airport to board your return flight<\/p>","protected":false},"excerpt":{"rendered":"<p><strong>Package Includes:<\/strong><br \/>\nAIRFARE FLYING IN ECONOMY CLASS WITH IBERIA<br \/>\n08 NIGHTS OF ACCOMMODATIONS IN CATEGORY INDICATED.<br \/>\nBREAKFASTS ACCORDING TO THE  ITINERARY<br \/>\nVISITS ACCORDING TO ITINERARY.<br \/>\nPROFESSIONAL GUIDE OF SPANISH AND ENGLISH SPEAKING<br \/>\nTRANSFERS INDICATED. TRANSPORT BY TOURIST COACH.<br \/>\nELECTRONIC DOCUMENTS QR CODE (SOCIALLY RESPONSIBLE COMPANY WITH THE ENVIRONMENT)<\/p>\n<p><strong>The package does not include:<\/strong><br \/>\nFOOD, PERSONAL EXPENSES AND GRATUITIES<br \/>\nNO UNSPECIFIED SERVICE.<br \/>\nALL EXCURSIONS THAT ARE MENTIONED AS OPTIONAL.<br \/>\nLOCAL HOTEL TAXES CAN BE APPLIED TO BE PAID DIRECTLY AT DESTINATION.<\/p>\n<p style=\"font-size: 12px\"><span style=\"font-weight: bold\">NOTE: <\/span>The prices indicated are per person in US DOLLARS and in DOUBLE room. The prices presented are of an informative nature. Once you make the decision to hire our services, you must confirm our prices to make your reservation. This is because they are subject to change without notice, depending on existing availability.<\/p>\n<p><strong>Salidas 2022<\/strong><br \/>\nJuly: 18<br \/>\nAugust: 8, 21<br \/>\nSeptember: 4, 16<br \/>\nOctober: 1, 13<br \/>\nNovember: 6, 19<\/p>","protected":false},"featured_media":3574,"comment_status":"open","ping_status":"closed","template":"","meta":[],"product_cat":[42],"product_tag":[],"class_list":["post-3564","product","type-product","status-publish","has-post-thumbnail","hentry","product_cat-europe"],"_links":{"self":[{"href":"http:\/\/limitlesstravelagency.net\/en\/wp-json\/wp\/v2\/product\/3564","targetHints":{"allow":["GET"]}}],"collection":[{"href":"http:\/\/limitlesstravelagency.net\/en\/wp-json\/wp\/v2\/product"}],"about":[{"href":"http:\/\/limitlesstravelagency.net\/en\/wp-json\/wp\/v2\/types\/product"}],"replies":[{"embeddable":true,"href":"http:\/\/limitlesstravelagency.net\/en\/wp-json\/wp\/v2\/comments?post=3564"}],"wp:featuredmedia":[{"embeddable":true,"href":"http:\/\/limitlesstravelagency.net\/en\/wp-json\/wp\/v2\/media\/3574"}],"wp:attachment":[{"href":"http:\/\/limitlesstravelagency.net\/en\/wp-json\/wp\/v2\/media?parent=3564"}],"wp:term":[{"taxonomy":"product_cat","embeddable":true,"href":"http:\/\/limitlesstravelagency.net\/en\/wp-json\/wp\/v2\/product_cat?post=3564"},{"taxonomy":"product_tag","embeddable":true,"href":"http:\/\/limitlesstravelagency.net\/en\/wp-json\/wp\/v2\/product_tag?post=3564"}],"curies":[{"name":"wp","href":"https:\/\/api.w.org\/{rel}","templated":true}]}}